{"id":4564,"date":"2025-01-27T12:19:58","date_gmt":"2025-01-27T10:19:58","guid":{"rendered":"https:\/\/pohjanmaanporakaivo.fi\/maalampokaivot\/"},"modified":"2025-03-10T13:19:08","modified_gmt":"2025-03-10T11:19:08","slug":"bergvarmebrunn","status":"publish","type":"page","link":"https:\/\/pohjanmaanporakaivo.fi\/sv\/bergvarmebrunn\/","title":{"rendered":"Bergv\u00e4rmebrunn"},"content":{"rendered":"\r\n\r\n<section class=\"hero site-banner banner-bg-image section-image-only  alignfull image\">\r\n\r\n    <div class=\"site-banner-bg section-bg-image ob-position\" style=\"object-position: 50% 60%\" >\r\n\r\n        <img loading=\"lazy\" decoding=\"async\" width=\"1938\" height=\"727\" src=\"https:\/\/pohjanmaanporakaivo.fi\/wp-content\/uploads\/2025\/03\/maalampokaivo.jpg\" class=\"attachment-1536\u00d71536 size-1536\u00d71536\" alt=\"\" srcset=\"https:\/\/pohjanmaanporakaivo.fi\/wp-content\/uploads\/2025\/03\/maalampokaivo.jpg 1938w, https:\/\/pohjanmaanporakaivo.fi\/wp-content\/uploads\/2025\/03\/maalampokaivo-300x113.jpg 300w, https:\/\/pohjanmaanporakaivo.fi\/wp-content\/uploads\/2025\/03\/maalampokaivo-1024x384.jpg 1024w, https:\/\/pohjanmaanporakaivo.fi\/wp-content\/uploads\/2025\/03\/maalampokaivo-768x288.jpg 768w, https:\/\/pohjanmaanporakaivo.fi\/wp-content\/uploads\/2025\/03\/maalampokaivo-1536x576.jpg 1536w\" sizes=\"auto, (max-width: 1938px) 100vw, 1938px\" \/>\r\n        \r\n        <\/section>\n\n\n<h1 class=\"wp-block-heading\">Varf\u00f6r bergv\u00e4rme?<\/h1>\n\n\n\n<p style=\"font-size:20px\"><strong>Milj\u00f6v\u00e4nlighet: <\/strong>Bergv\u00e4rme \u00e4r en f\u00f6rnybar energik\u00e4lla som inte ger upphov till koldioxidutsl\u00e4pp eller f\u00f6roreningar, vilket g\u00f6r det till ett ekologiskt val.<\/p>\n\n\n\n<p style=\"font-size:20px\"><strong>Energieffektivitet: <\/strong>Bergv\u00e4rmesystem \u00e4r mycket energieffektiva eftersom de utnyttjar den st\u00e4ndigt tillg\u00e4ngliga v\u00e4rmeenergin i marken. Detta minskar energif\u00f6rbrukningen och s\u00e4nker uppv\u00e4rmningskostnaderna.<\/p>\n\n\n\n<p style=\"font-size:20px\"><strong>Stabila uppv\u00e4rmningskostnader: <\/strong>Genom att anv\u00e4nda bergv\u00e4rme kan du skydda dig mot energiprisfluktuationer, eftersom v\u00e4rmen i marken alltid \u00e4r tillg\u00e4nglig och inte p\u00e5verkas av externa energiprisf\u00f6r\u00e4ndringar.<\/p>\n\n\n\n<p style=\"font-size:20px\"><strong>ROT-avdrag: <\/strong>Borrning f\u00f6r bergv\u00e4rme \u00e4r ber\u00e4ttigad till ROT-avdrag, vilket inneb\u00e4r att du kan f\u00e5 skatteavdrag p\u00e5 investeringen.<\/p>\n\n\n\n<p style=\"font-size:20px\"><strong>\u00d6kat fastighetsv\u00e4rde: <\/strong>Installation av ett bergv\u00e4rmesystem kan \u00f6ka fastighetens v\u00e4rde, eftersom det \u00e4r ett modernt och energieffektivt uppv\u00e4rmningssystem som m\u00e5nga husk\u00f6pare uppskattar.<\/p>\n\n\n\n<p style=\"font-size:20px\"><strong>L\u00e5ga driftskostnader: <\/strong>Driftkostnaderna f\u00f6r bergv\u00e4rme \u00e4r l\u00e4gre j\u00e4mf\u00f6rt med traditionella uppv\u00e4rmningsformer, s\u00e5som olja eller direktverkande el.<\/p>\n\n\n\n<div class=\"wp-block-columns is-layout-flex wp-container-core-columns-is-layout-9d6595d7 wp-block-columns-is-layout-flex\">\n<div class=\"wp-block-column is-layout-flow wp-block-column-is-layout-flow\">\n<h2 class=\"wp-block-heading\">Borrning av bergv\u00e4rmebrunn<\/h2>\n\n\n\n<p>Borrningen av brunnen tar vanligtvis cirka en dag, men tids\u00e5tg\u00e5ngen kan variera beroende p\u00e5 markf\u00f6rh\u00e5llandena. Till borrplatsen anl\u00e4nder en lastbil med en banddriven borrigg monterad p\u00e5 flaket. Borriggen placeras noggrant p\u00e5 den planerade brunnens position. Lastbilen \u00e4r ocks\u00e5 utrustad med en kompressor som bl\u00e5ser luft genom en tryckluftsslang till borriggen, vilket m\u00f6jligg\u00f6r borrning \u00e4ven p\u00e5 tr\u00e5nga platser.<\/p>\n\n\n\n<p>Under borrningen m\u00e5ste det finnas vatten p\u00e5 arbetsplatsen, d\u00e5 det beh\u00f6vs f\u00f6r dammbindning. Detta \u00e4r viktigt b\u00e5de f\u00f6r arbetarnas s\u00e4kerhet och f\u00f6r milj\u00f6n. Vattnet hj\u00e4lper till att effektivt kontrollera dammet och f\u00f6rhindrar att det sprids till omgivningen. Dessutom ska borrplatsen vara tydligt markerad. Om brunnen ligger n\u00e4ra v\u00e4ggar eller andra hinder rekommenderas det att dessa skyddas med presenningar.<\/p>\n\n\n\n<p>Det bergmaterial som uppst\u00e5r under borrningsprocessen kan bl\u00e5sas till en plats som kunden anvisar eller samlas i en container f\u00f6r uppsamling. Avfallshanteringen sk\u00f6ts professionellt, och n\u00e4r containern \u00e4r full transporteras bergmassorna bort.<\/p>\n\n\n\n<p>Vi arbetar effektivt och noggrant under alla f\u00f6rh\u00e5llanden och ser till att arbetsplatsen f\u00f6rblir ren och s\u00e4ker under hela processen.<\/p>\n\n\n\n<div class=\"wp-block-group\"><div class=\"wp-block-group__inner-container is-layout-constrained wp-block-group-is-layout-constrained\">\n<h2 class=\"wp-block-heading\">Kontakta oss och be om en offert!<\/h2>\n\n\n\n<div class=\"wp-block-buttons is-layout-flex wp-block-buttons-is-layout-flex\">\n<div class=\"wp-block-button\"><a class=\"wp-block-button__link wp-element-button\" href=\"https:\/\/pohjanmaanporakaivo.fi\/sv\/kontaktuppgifter\/\">Kontakta oss<\/a><\/div>\n<\/div>\n<\/div><\/div>\n<\/div>\n\n\n\n<div class=\"wp-block-column is-layout-flow wp-block-column-is-layout-flow\">\n<figure class=\"wp-block-image size-large\"><img loading=\"lazy\" decoding=\"async\" width=\"640\" height=\"1024\" src=\"https:\/\/pohjanmaanporakaivo.fi\/wp-content\/uploads\/2025\/01\/6-e1738218024931-640x1024.jpg\" alt=\"\" class=\"wp-image-4239\" srcset=\"https:\/\/pohjanmaanporakaivo.fi\/wp-content\/uploads\/2025\/01\/6-e1738218024931-640x1024.jpg 640w, https:\/\/pohjanmaanporakaivo.fi\/wp-content\/uploads\/2025\/01\/6-e1738218024931-188x300.jpg 188w, https:\/\/pohjanmaanporakaivo.fi\/wp-content\/uploads\/2025\/01\/6-e1738218024931-768x1229.jpg 768w, https:\/\/pohjanmaanporakaivo.fi\/wp-content\/uploads\/2025\/01\/6-e1738218024931-960x1536.jpg 960w, https:\/\/pohjanmaanporakaivo.fi\/wp-content\/uploads\/2025\/01\/6-e1738218024931.jpg 1134w\" sizes=\"auto, (max-width: 640px) 100vw, 640px\" \/><\/figure>\n<\/div>\n<\/div>\n\n\n\n<div class=\"wp-block-group alignfull has-white-background-color has-background\"><div class=\"wp-block-group__inner-container is-layout-constrained wp-block-group-is-layout-constrained\">\n<h2 class=\"wp-block-heading has-text-align-center\">T\u00e4nk p\u00e5 att utnyttja hush\u00e5llsavdraget<\/h2>\n\n\n\n<p class=\"has-text-align-center\">Byten och reparationer av uppv\u00e4rmningssystem f\u00f6r egnahemshus omfattas av hush\u00e5llsavdraget. L\u00e4s mer <a href=\"https:\/\/www.vero.fi\/henkiloasiakkaat\/vahennykset\/kotitalousvahennys\/\" target=\"_blank\" rel=\"noopener\" title=\"\">h\u00e4r<\/a>!<\/p>\n<\/div><\/div>\n\n\n\n<div class=\"wp-block-group alignfull has-light-gray-background-color has-background\"><div class=\"wp-block-group__inner-container is-layout-constrained wp-block-group-is-layout-constrained\">\n<h2 class=\"wp-block-heading\">Kontakta oss&nbsp;<\/h2>\n\n\n\n<p>Fr\u00e5ga mer om v\u00e5ra tj\u00e4nster eller skicka en offertf\u00f6rfr\u00e5gan!<\/p>\n\n\n<script>\nvar gform;gform||(document.addEventListener(\"gform_main_scripts_loaded\",function(){gform.scriptsLoaded=!0}),document.addEventListener(\"gform\/theme\/scripts_loaded\",function(){gform.themeScriptsLoaded=!0}),window.addEventListener(\"DOMContentLoaded\",function(){gform.domLoaded=!0}),gform={domLoaded:!1,scriptsLoaded:!1,themeScriptsLoaded:!1,isFormEditor:()=>\"function\"==typeof InitializeEditor,callIfLoaded:function(o){return!(!gform.domLoaded||!gform.scriptsLoaded||!gform.themeScriptsLoaded&&!gform.isFormEditor()||(gform.isFormEditor()&&console.warn(\"The use of gform.initializeOnLoaded() is deprecated in the form editor context and will be removed in Gravity Forms 3.1.\"),o(),0))},initializeOnLoaded:function(o){gform.callIfLoaded(o)||(document.addEventListener(\"gform_main_scripts_loaded\",()=>{gform.scriptsLoaded=!0,gform.callIfLoaded(o)}),document.addEventListener(\"gform\/theme\/scripts_loaded\",()=>{gform.themeScriptsLoaded=!0,gform.callIfLoaded(o)}),window.addEventListener(\"DOMContentLoaded\",()=>{gform.domLoaded=!0,gform.callIfLoaded(o)}))},hooks:{action:{},filter:{}},addAction:function(o,r,e,t){gform.addHook(\"action\",o,r,e,t)},addFilter:function(o,r,e,t){gform.addHook(\"filter\",o,r,e,t)},doAction:function(o){gform.doHook(\"action\",o,arguments)},applyFilters:function(o){return gform.doHook(\"filter\",o,arguments)},removeAction:function(o,r){gform.removeHook(\"action\",o,r)},removeFilter:function(o,r,e){gform.removeHook(\"filter\",o,r,e)},addHook:function(o,r,e,t,n){null==gform.hooks[o][r]&&(gform.hooks[o][r]=[]);var d=gform.hooks[o][r];null==n&&(n=r+\"_\"+d.length),gform.hooks[o][r].push({tag:n,callable:e,priority:t=null==t?10:t})},doHook:function(r,o,e){var t;if(e=Array.prototype.slice.call(e,1),null!=gform.hooks[r][o]&&((o=gform.hooks[r][o]).sort(function(o,r){return o.priority-r.priority}),o.forEach(function(o){\"function\"!=typeof(t=o.callable)&&(t=window[t]),\"action\"==r?t.apply(null,e):e[0]=t.apply(null,e)})),\"filter\"==r)return e[0]},removeHook:function(o,r,t,n){var e;null!=gform.hooks[o][r]&&(e=(e=gform.hooks[o][r]).filter(function(o,r,e){return!!(null!=n&&n!=o.tag||null!=t&&t!=o.priority)}),gform.hooks[o][r]=e)}});\n<\/script>\n\n                <div class='gf_browser_gecko gform_wrapper gravity-theme gform-theme--no-framework' data-form-theme='gravity-theme' data-form-index='0' id='gform_wrapper_2' >\n                        <div class='gform_heading'>\n                            <p class='gform_description'><\/p>\n\t\t\t\t\t\t\t<p class='gform_required_legend'>\u201d<span class=\"gfield_required gfield_required_asterisk\">*<\/span>\u201d anger obligatoriska f\u00e4lt<\/p>\n                        <\/div><form method='post' enctype='multipart\/form-data'  id='gform_2'  action='\/sv\/wp-json\/wp\/v2\/pages\/4564' data-formid='2' novalidate>\n                        <div class='gform-body gform_body'><div id='gform_fields_2' class='gform_fields top_label form_sublabel_below description_below validation_below'><div id=\"field_2_7\" class=\"gfield gfield--type-honeypot gform_validation_container field_sublabel_below gfield--has-description field_description_below field_validation_below gfield_visibility_visible\"  ><label class='form-label gfield_label gform-field-label' for='input_2_7'>Facebook<\/label><div class='ginput_container'><input name='input_7' id='input_2_7' type='text' value='' autocomplete='new-password'\/><\/div><div class='small text-muted gfield_description' id='gfield_description_2_7'>Detta f\u00e4lt anv\u00e4nds f\u00f6r validerings\u00e4ndam\u00e5l och ska l\u00e4mnas of\u00f6r\u00e4ndrat.<\/div><\/div><div id=\"field_2_1\" class=\"gfield gfield--type-text gfield--input-type-text gfield_contains_required field_sublabel_below gfield--no-description field_description_below field_validation_below gfield_visibility_visible\"  ><label class='form-label gfield_label gform-field-label' for='input_2_1'>Namn<span class=\"gfield_required\"><span class=\"gfield_required gfield_required_asterisk\">*<\/span><\/span><\/label><div class='ginput_container ginput_container_text'><input name='input_1' id='input_2_1' type='text' value='' class='form-control'     aria-required=\"true\" aria-invalid=\"false\"   \/><\/div><\/div><div id=\"field_2_2\" class=\"gfield gfield--type-text gfield--input-type-text gfield--width-half gfield_contains_required field_sublabel_below gfield--no-description field_description_below field_validation_below gfield_visibility_visible\"  ><label class='form-label gfield_label gform-field-label' for='input_2_2'>Telefonnummer<span class=\"gfield_required\"><span class=\"gfield_required gfield_required_asterisk\">*<\/span><\/span><\/label><div class='ginput_container ginput_container_text'><input name='input_2' id='input_2_2' type='text' value='' class='form-control'     aria-required=\"true\" aria-invalid=\"false\"   \/><\/div><\/div><div id=\"field_2_5\" class=\"gfield gfield--type-email gfield--input-type-email gfield--width-half gfield_contains_required field_sublabel_below gfield--no-description field_description_below field_validation_below gfield_visibility_visible\"  ><label class='form-label gfield_label gform-field-label' for='input_2_5'>E-post<span class=\"gfield_required\"><span class=\"gfield_required gfield_required_asterisk\">*<\/span><\/span><\/label><div class='ginput_container ginput_container_email'>\n                            <input name='input_5' id='input_2_5' autocomplete='email' type='email' value='' class='large'    aria-required=\"true\" aria-invalid=\"false\"  \/>\n                        <\/div><\/div><div id=\"field_2_6\" class=\"gfield gfield--type-select gfield--input-type-select gfield--width-full field_sublabel_below gfield--no-description field_description_below field_validation_below gfield_visibility_visible\"  ><label class='form-label gfield_label gform-field-label' for='input_2_6'>Vad g\u00e4ller \u00e4rendet?<\/label><div class='ginput_container ginput_container_select'><select name='input_6' id='input_2_6' class='form-select'     aria-invalid=\"false\" ><option value='Vattenbrunnar' >Vattenbrunnar<\/option><option value='Bergv\u00e4rmebrunn' >Bergv\u00e4rmebrunn<\/option><option value='P\u00e5lning' >P\u00e5lning<\/option><option value='Annan' >Annan<\/option><\/select><\/div><\/div><div id=\"field_2_4\" class=\"gfield gfield--type-textarea gfield--input-type-textarea field_sublabel_below gfield--no-description field_description_below field_validation_below gfield_visibility_visible\"  ><label class='form-label gfield_label gform-field-label' for='input_2_4'>Meddelande<\/label><div class='ginput_container ginput_container_textarea'><textarea name='input_4' id='input_2_4' class='form-control form-control-lg textarea'      aria-invalid=\"false\"   rows='4' cols='50'><\/textarea><\/div><\/div><\/div><\/div>\n        <div class='gform-footer gform_footer top_label'> <input type='submit' id='gform_submit_button_2' class='gform_button btn btn-primary button' onclick='gform.submission.handleButtonClick(this);' data-submission-type='submit' value='Skicka'  \/> \n            <input type='hidden' class='gform_hidden' name='gform_submission_method' data-js='gform_submission_method_2' value='postback' \/>\n            <input type='hidden' class='gform_hidden' name='gform_theme' data-js='gform_theme_2' id='gform_theme_2' value='gravity-theme' \/>\n            <input type='hidden' class='gform_hidden' name='gform_style_settings' data-js='gform_style_settings_2' id='gform_style_settings_2' value='{&quot;inputPrimaryColor&quot;:&quot;#204ce5&quot;}' \/>\n            <input type='hidden' class='gform_hidden' name='is_submit_2' value='1' \/>\n            <input type='hidden' class='gform_hidden' name='gform_submit' value='2' \/>\n            \n            <input type='hidden' class='gform_hidden' name='gform_currency' data-currency='EUR' value='vhr20tWenlIpLKMj9KP9zuC5Myh6NHwf612K64dxOosTJ6+wDruQB+pSR7Tx69+f8s0hMbCta2\/EZS03z8Gliw6bIX8C7kVldgjc3DHLHGyCDi8=' \/>\n            <input type='hidden' class='gform_hidden' name='gform_unique_id' value='' \/>\n            <input type='hidden' class='gform_hidden' name='state_2' value='WyJ7XCI2XCI6W1wiZjEzM2EzOGRlNDE5ZDFmZDVlZDdlNGZlODVjZjk1NmJcIixcIjU4OGY3OTJhMmFlOGZlNmEwNTBjM2RjYTMwMTRjZTIyXCIsXCI4ZmY2M2ExYzhiMmMwMGZmMjMxYmQwYjViMTBhODZiMVwiLFwiODA4NGE3NDNhNDI4YzljZDM1YzNhNDJlNGIzMWU3ZjRcIl19IiwiMWJkMDU0ZjUwODM0Mjg5ZjkwMDJmMjE2MjA1ZDgyZjgiXQ==' \/>\n            <input type='hidden' autocomplete='off' class='gform_hidden' name='gform_target_page_number_2' id='gform_target_page_number_2' value='0' \/>\n            <input type='hidden' autocomplete='off' class='gform_hidden' name='gform_source_page_number_2' id='gform_source_page_number_2' value='1' \/>\n            <input type='hidden' name='gform_field_values' value='' \/>\n            \n        <\/div>\n                        <\/form>\n                        <\/div><script>\ngform.initializeOnLoaded( function() {gformInitSpinner( 2, 'data:image\/gif;base64,R0lGODlhAQABAIAAAAAAAP\/\/\/yH5BAEAAAAALAAAAAABAAEAAAIBRAA7', true );jQuery('#gform_ajax_frame_2').on('load',function(){var contents = jQuery(this).contents().find('*').html();var is_postback = contents.indexOf('GF_AJAX_POSTBACK') >= 0;if(!is_postback){return;}var form_content = jQuery(this).contents().find('#gform_wrapper_2');var is_confirmation = jQuery(this).contents().find('#gform_confirmation_wrapper_2').length > 0;var is_redirect = contents.indexOf('gformRedirect(){') >= 0;var is_form = form_content.length > 0 && ! is_redirect && ! is_confirmation;var mt = parseInt(jQuery('html').css('margin-top'), 10) + parseInt(jQuery('body').css('margin-top'), 10) + 100;if(is_form){jQuery('#gform_wrapper_2').html(form_content.html());if(form_content.hasClass('gform_validation_error')){jQuery('#gform_wrapper_2').addClass('gform_validation_error');} else {jQuery('#gform_wrapper_2').removeClass('gform_validation_error');}setTimeout( function() { \/* delay the scroll by 50 milliseconds to fix a bug in chrome *\/  }, 50 );if(window['gformInitDatepicker']) {gformInitDatepicker();}if(window['gformInitPriceFields']) {gformInitPriceFields();}var current_page = jQuery('#gform_source_page_number_2').val();gformInitSpinner( 2, 'data:image\/gif;base64,R0lGODlhAQABAIAAAAAAAP\/\/\/yH5BAEAAAAALAAAAAABAAEAAAIBRAA7', true );jQuery(document).trigger('gform_page_loaded', [2, current_page]);window['gf_submitting_2'] = false;}else if(!is_redirect){var confirmation_content = jQuery(this).contents().find('.GF_AJAX_POSTBACK').html();if(!confirmation_content){confirmation_content = contents;}jQuery('#gform_wrapper_2').replaceWith(confirmation_content);jQuery(document).trigger('gform_confirmation_loaded', [2]);window['gf_submitting_2'] = false;wp.a11y.speak(jQuery('#gform_confirmation_message_2').text());}else{jQuery('#gform_2').append(contents);if(window['gformRedirect']) {gformRedirect();}}jQuery(document).trigger(\"gform_pre_post_render\", [{ formId: \"2\", currentPage: \"current_page\", abort: function() { this.preventDefault(); } }]);        if (event && event.defaultPrevented) {                return;        }        const gformWrapperDiv = document.getElementById( \"gform_wrapper_2\" );        if ( gformWrapperDiv ) {            const visibilitySpan = document.createElement( \"span\" );            visibilitySpan.id = \"gform_visibility_test_2\";            gformWrapperDiv.insertAdjacentElement( \"afterend\", visibilitySpan );        }        const visibilityTestDiv = document.getElementById( \"gform_visibility_test_2\" );        let postRenderFired = false;        function triggerPostRender() {            if ( postRenderFired ) {                return;            }            postRenderFired = true;            gform.core.triggerPostRenderEvents( 2, current_page );            if ( visibilityTestDiv ) {                visibilityTestDiv.parentNode.removeChild( visibilityTestDiv );            }        }        function debounce( func, wait, immediate ) {            var timeout;            return function() {                var context = this, args = arguments;                var later = function() {                    timeout = null;                    if ( !immediate ) func.apply( context, args );                };                var callNow = immediate && !timeout;                clearTimeout( timeout );                timeout = setTimeout( later, wait );                if ( callNow ) func.apply( context, args );            };        }        const debouncedTriggerPostRender = debounce( function() {            triggerPostRender();        }, 200 );        if ( visibilityTestDiv && visibilityTestDiv.offsetParent === null ) {            const observer = new MutationObserver( ( mutations ) => {                mutations.forEach( ( mutation ) => {                    if ( mutation.type === 'attributes' && visibilityTestDiv.offsetParent !== null ) {                        debouncedTriggerPostRender();                        observer.disconnect();                    }                });            });            observer.observe( document.body, {                attributes: true,                childList: false,                subtree: true,                attributeFilter: [ 'style', 'class' ],            });        } else {            triggerPostRender();        }    } );} );\n<\/script>\n<\/div><\/div>\n","protected":false},"excerpt":{"rendered":"<p>Varf\u00f6r bergv\u00e4rme? Milj\u00f6v\u00e4nlighet: Bergv\u00e4rme \u00e4r en f\u00f6rnybar energik\u00e4lla som inte ger upphov till koldioxidutsl\u00e4pp eller f\u00f6roreningar, vilket g\u00f6r det till ett ekologiskt val. Energieffektivitet: Bergv\u00e4rmesystem \u00e4r mycket energieffektiva eftersom de utnyttjar den st\u00e4ndigt tillg\u00e4ngliga v\u00e4rmeenergin i marken. Detta minskar energif\u00f6rbrukningen och s\u00e4nker uppv\u00e4rmningskostnaderna. Stabila uppv\u00e4rmningskostnader: Genom att anv\u00e4nda bergv\u00e4rme kan du skydda dig mot energiprisfluktuationer, [&hellip;]<\/p>\n","protected":false},"author":1,"featured_media":0,"parent":0,"menu_order":3,"comment_status":"closed","ping_status":"closed","template":"","meta":{"_acf_changed":false,"footnotes":""},"class_list":["post-4564","page","type-page","status-publish","hentry"],"acf":[],"aioseo_notices":[],"_links":{"self":[{"href":"https:\/\/pohjanmaanporakaivo.fi\/sv\/wp-json\/wp\/v2\/pages\/4564","targetHints":{"allow":["GET"]}}],"collection":[{"href":"https:\/\/pohjanmaanporakaivo.fi\/sv\/wp-json\/wp\/v2\/pages"}],"about":[{"href":"https:\/\/pohjanmaanporakaivo.fi\/sv\/wp-json\/wp\/v2\/types\/page"}],"author":[{"embeddable":true,"href":"https:\/\/pohjanmaanporakaivo.fi\/sv\/wp-json\/wp\/v2\/users\/1"}],"replies":[{"embeddable":true,"href":"https:\/\/pohjanmaanporakaivo.fi\/sv\/wp-json\/wp\/v2\/comments?post=4564"}],"version-history":[{"count":0,"href":"https:\/\/pohjanmaanporakaivo.fi\/sv\/wp-json\/wp\/v2\/pages\/4564\/revisions"}],"wp:attachment":[{"href":"https:\/\/pohjanmaanporakaivo.fi\/sv\/wp-json\/wp\/v2\/media?parent=4564"}],"curies":[{"name":"wp","href":"https:\/\/api.w.org\/{rel}","templated":true}]}}