{"id":4511,"date":"2021-10-15T09:22:11","date_gmt":"2021-10-15T06:22:11","guid":{"rendered":"https:\/\/pohjanmaanporakaivo.fi\/vesikaivot\/"},"modified":"2025-03-10T13:47:16","modified_gmt":"2025-03-10T11:47:16","slug":"vattenbrunnar","status":"publish","type":"page","link":"https:\/\/pohjanmaanporakaivo.fi\/sv\/vattenbrunnar\/","title":{"rendered":"Vattenbrunnar"},"content":{"rendered":"\r\n\r\n<section class=\"hero site-banner banner-bg-image section-image-only  alignfull image\">\r\n\r\n    <div class=\"site-banner-bg section-bg-image ob-position\" style=\"object-position: 50% 35%\" >\r\n\r\n        <img loading=\"lazy\" decoding=\"async\" width=\"940\" height=\"705\" src=\"https:\/\/pohjanmaanporakaivo.fi\/wp-content\/uploads\/2025\/03\/vesikaivo-pohjanmaan-porakaivo.png\" class=\"attachment-1536\u00d71536 size-1536\u00d71536\" alt=\"\" srcset=\"https:\/\/pohjanmaanporakaivo.fi\/wp-content\/uploads\/2025\/03\/vesikaivo-pohjanmaan-porakaivo.png 940w, https:\/\/pohjanmaanporakaivo.fi\/wp-content\/uploads\/2025\/03\/vesikaivo-pohjanmaan-porakaivo-300x225.png 300w, https:\/\/pohjanmaanporakaivo.fi\/wp-content\/uploads\/2025\/03\/vesikaivo-pohjanmaan-porakaivo-768x576.png 768w\" sizes=\"auto, (max-width: 940px) 100vw, 940px\" \/>\r\n        \r\n        <\/section>\n\n\n<div class=\"wp-block-columns is-layout-flex wp-container-core-columns-is-layout-9d6595d7 wp-block-columns-is-layout-flex\">\n<div class=\"wp-block-column is-layout-flow wp-block-column-is-layout-flow\" style=\"flex-basis:70%\">\n<h1 class=\"wp-block-heading\">Kostnadseffektiva och milj\u00f6v\u00e4nliga l\u00f6sningar<\/h1>\n\n\n\n<p style=\"font-size:20px\">P\u00e5 Pohjanmaan Porakaivo \u00e4r vi engagerade i att erbjuda v\u00e5ra kunder helhetsl\u00f6sningar som \u00e4r b\u00e5de kostnadseffektiva och milj\u00f6v\u00e4nliga. Oavsett om det g\u00e4ller ett mindre hush\u00e5ll eller ett st\u00f6rre industriellt projekt kan du lita p\u00e5 att vi hanterar ditt projekt professionellt fr\u00e5n b\u00f6rjan till slut.<\/p>\n\n\n\n<h2 class=\"wp-block-heading\">Vattenbrunnar f\u00f6r alla behov<\/h2>\n\n\n\n<p>Vi erbjuder vattenbrunnar som en komplett paketl\u00f6sning \u00e4ven f\u00f6r kr\u00e4vande platser, med priser fr\u00e5n 5 500 \u20ac. F\u00f6r att s\u00e4kerst\u00e4lla effektiv anv\u00e4ndning av vatten erbjuder vi effektiva filter, inklusive f\u00f6r att ta bort j\u00e4rn och mangan. Filterenheterna finns alltid redo i v\u00e5r servicebil, och vi kan testa deras funktion innan installation.<\/p>\n<\/div>\n\n\n\n<div class=\"wp-block-column is-layout-flow wp-block-column-is-layout-flow\" style=\"flex-basis:30%\">\n<figure class=\"wp-block-image size-large\"><img loading=\"lazy\" decoding=\"async\" width=\"768\" height=\"1024\" src=\"https:\/\/pohjanmaanporakaivo.fi\/wp-content\/uploads\/2025\/03\/18-edited-1-768x1024.jpg\" alt=\"\" class=\"wp-image-4617\" srcset=\"https:\/\/pohjanmaanporakaivo.fi\/wp-content\/uploads\/2025\/03\/18-edited-1-768x1024.jpg 768w, https:\/\/pohjanmaanporakaivo.fi\/wp-content\/uploads\/2025\/03\/18-edited-1-225x300.jpg 225w, https:\/\/pohjanmaanporakaivo.fi\/wp-content\/uploads\/2025\/03\/18-edited-1-1152x1536.jpg 1152w, https:\/\/pohjanmaanporakaivo.fi\/wp-content\/uploads\/2025\/03\/18-edited-1.jpg 1350w\" sizes=\"auto, (max-width: 768px) 100vw, 768px\" \/><\/figure>\n<\/div>\n<\/div>\n\n\n\n<div class=\"wp-block-columns is-layout-flex wp-container-core-columns-is-layout-9d6595d7 wp-block-columns-is-layout-flex\">\n<div class=\"wp-block-column is-layout-flow wp-block-column-is-layout-flow\">\n<h2 class=\"wp-block-heading\">Borrbrunnar<\/h2>\n\n\n\n<p>En borrbrunn \u00e4r en vanlig l\u00f6sning f\u00f6r omr\u00e5den d\u00e4r det inte finns kommunalt vattenn\u00e4t. Vi erbjuder ocks\u00e5 underh\u00e5lls- och reng\u00f6ringstj\u00e4nster f\u00f6r borrbrunnar och vattentrycks\u00f6ppning f\u00f6r att \u00f6ka kapaciteten hos l\u00e5gkapacitetsborrbrunnar.<\/p>\n\n\n\n<h2 class=\"wp-block-heading\">Borrbrunnspumpar<\/h2>\n\n\n\n<p>Vi erbjuder borrbrunnspumpar f\u00f6r b\u00e5de nya och gamla borrbrunnar, antingen installerade eller som materialleverans. Vi hj\u00e4lper dig att v\u00e4lja en l\u00e4mplig borrbrunnspump baserat p\u00e5 dina behov.<\/p>\n<\/div>\n\n\n\n<div class=\"wp-block-column is-layout-flow wp-block-column-is-layout-flow\">\n<div class=\"wp-block-columns is-layout-flex wp-container-core-columns-is-layout-9d6595d7 wp-block-columns-is-layout-flex\">\n<div class=\"wp-block-column is-layout-flow wp-block-column-is-layout-flow\">\n<figure class=\"wp-block-image size-large is-resized\"><img loading=\"lazy\" decoding=\"async\" width=\"576\" height=\"1024\" src=\"https:\/\/pohjanmaanporakaivo.fi\/wp-content\/uploads\/2025\/02\/porakaivo-11-576x1024.jpg\" alt=\"\" class=\"wp-image-4411\" style=\"width:400px\" srcset=\"https:\/\/pohjanmaanporakaivo.fi\/wp-content\/uploads\/2025\/02\/porakaivo-11-576x1024.jpg 576w, https:\/\/pohjanmaanporakaivo.fi\/wp-content\/uploads\/2025\/02\/porakaivo-11-169x300.jpg 169w, https:\/\/pohjanmaanporakaivo.fi\/wp-content\/uploads\/2025\/02\/porakaivo-11-768x1365.jpg 768w, https:\/\/pohjanmaanporakaivo.fi\/wp-content\/uploads\/2025\/02\/porakaivo-11-864x1536.jpg 864w, https:\/\/pohjanmaanporakaivo.fi\/wp-content\/uploads\/2025\/02\/porakaivo-11-1152x2048.jpg 1152w, https:\/\/pohjanmaanporakaivo.fi\/wp-content\/uploads\/2025\/02\/porakaivo-11-scaled.jpg 1440w\" sizes=\"auto, (max-width: 576px) 100vw, 576px\" \/><figcaption class=\"wp-element-caption\">V\u00e4rmeisolerad pumpstation<\/figcaption><\/figure>\n<\/div>\n\n\n\n<div class=\"wp-block-column is-layout-flow wp-block-column-is-layout-flow\">\n<figure class=\"wp-block-image size-large is-resized\"><img loading=\"lazy\" decoding=\"async\" width=\"576\" height=\"1024\" src=\"https:\/\/pohjanmaanporakaivo.fi\/wp-content\/uploads\/2025\/02\/pohjanmaan-porakaivo-21-576x1024.jpg\" alt=\"\" class=\"wp-image-4412\" style=\"width:400px\" srcset=\"https:\/\/pohjanmaanporakaivo.fi\/wp-content\/uploads\/2025\/02\/pohjanmaan-porakaivo-21-576x1024.jpg 576w, https:\/\/pohjanmaanporakaivo.fi\/wp-content\/uploads\/2025\/02\/pohjanmaan-porakaivo-21-169x300.jpg 169w, https:\/\/pohjanmaanporakaivo.fi\/wp-content\/uploads\/2025\/02\/pohjanmaan-porakaivo-21-768x1365.jpg 768w, https:\/\/pohjanmaanporakaivo.fi\/wp-content\/uploads\/2025\/02\/pohjanmaan-porakaivo-21-864x1536.jpg 864w, https:\/\/pohjanmaanporakaivo.fi\/wp-content\/uploads\/2025\/02\/pohjanmaan-porakaivo-21-1152x2048.jpg 1152w, https:\/\/pohjanmaanporakaivo.fi\/wp-content\/uploads\/2025\/02\/pohjanmaan-porakaivo-21-scaled.jpg 1440w\" sizes=\"auto, (max-width: 576px) 100vw, 576px\" \/><figcaption class=\"wp-element-caption\">Markanpassad vattenpelare<\/figcaption><\/figure>\n<\/div>\n<\/div>\n<\/div>\n<\/div>\n\n\n\n<div class=\"wp-block-columns is-layout-flex wp-container-core-columns-is-layout-9d6595d7 wp-block-columns-is-layout-flex\">\n<div class=\"wp-block-column is-layout-flow wp-block-column-is-layout-flow\" style=\"flex-basis:70%\">\n<h2 class=\"wp-block-heading\">Vattenbrunn f\u00f6r sommarstugan<\/h2>\n\n\n\n<p>En vattenbrunn \u00e4r en perfekt l\u00f6sning f\u00f6r sommarstugor och andra mindre fastigheter d\u00e4r vattenbehovet \u00e4r m\u00e5ttligt. Med en kapacitet p\u00e5 minst 500 liter per dygn f\u00e5r du tillg\u00e5ng till vatten f\u00f6r bevattning och enklare hush\u00e5llsbruk. Vi levererar och installerar en pump som s\u00e4kerst\u00e4ller en stabil vattentillf\u00f6rsel.<\/p>\n\n\n\n<h2 class=\"wp-block-heading\">H\u00f6gkapacitetsbrunn f\u00f6r st\u00f6rre anl\u00e4ggningar<\/h2>\n\n\n\n<p>F\u00f6r fastigheter med stort vattenbehov, som g\u00e5rdar eller v\u00e4xthus, erbjuder vi h\u00f6gkapacitetsbrunnar. Vi genomf\u00f6r tryck\u00f6ppning f\u00f6r att optimera brunnens kapacitet och s\u00e4kerst\u00e4lla en effektiv vattenf\u00f6rs\u00f6rjning.<\/p>\n\n\n\n<h2 class=\"wp-block-heading\">Reng\u00f6ring och underh\u00e5ll av borr- och \u00f6ppna brunnar<\/h2>\n\n\n\n<p>Vi erbjuder reng\u00f6ring av brunnar genom vakuumsugning och spolning f\u00f6r att avl\u00e4gsna f\u00f6roreningar. Vid behov byter vi ut brunnsbottenmassor och genomf\u00f6r reparationer eller t\u00e4tningar.<\/p>\n\n\n\n<h2 class=\"wp-block-heading\">Kontakta oss f\u00f6r mer information eller en offert<\/h2>\n\n\n\n<p>Vi hj\u00e4lper g\u00e4rna till med skr\u00e4ddarsydda l\u00f6sningar f\u00f6r vattenf\u00f6rs\u00f6rjning och bergv\u00e4rme.<\/p>\n\n\n\n<div class=\"wp-block-buttons is-layout-flex wp-block-buttons-is-layout-flex\">\n<div class=\"wp-block-button\"><a class=\"wp-block-button__link wp-element-button\" href=\"https:\/\/pohjanmaanporakaivo.fi\/sv\/kontaktuppgifter\/\">Kontakta oss<\/a><\/div>\n<\/div>\n<\/div>\n\n\n\n<div class=\"wp-block-column is-layout-flow wp-block-column-is-layout-flow\" style=\"flex-basis:30%\">\n<figure class=\"wp-block-video\"><video height=\"1280\" style=\"aspect-ratio: 720 \/ 1280;\" width=\"720\" controls src=\"https:\/\/pohjanmaanporakaivo.fi\/wp-content\/uploads\/2025\/03\/porakaivon-pesu.mp4\"><\/video><\/figure>\n<\/div>\n<\/div>\n\n\n\n<div class=\"wp-block-group alignfull has-white-background-color has-background\"><div class=\"wp-block-group__inner-container is-layout-constrained wp-block-group-is-layout-constrained\">\n<h2 class=\"wp-block-heading has-text-align-center\">T\u00e4nk p\u00e5 att utnyttja hush\u00e5llsavdraget<\/h2>\n\n\n\n<p class=\"has-text-align-center\">Utnyttja hush\u00e5llsavdraget f\u00f6r brunnsborrningsarbeten. L\u00e4s mer <a href=\"https:\/\/www.vero.fi\/henkiloasiakkaat\/vahennykset\/kotitalousvahennys\/\" target=\"_blank\" rel=\"noopener\" title=\"\">h\u00e4r<\/a>!<\/p>\n<\/div><\/div>\n\n\n\n<div class=\"wp-block-group alignfull has-light-gray-background-color has-background\"><div class=\"wp-block-group__inner-container is-layout-constrained wp-block-group-is-layout-constrained\">\n<h2 class=\"wp-block-heading\">Kontakta oss&nbsp;<\/h2>\n\n\n\n<p>Fr\u00e5ga mer om v\u00e5ra tj\u00e4nster eller skicka en offertf\u00f6rfr\u00e5gan!<\/p>\n\n\n<script>\nvar gform;gform||(document.addEventListener(\"gform_main_scripts_loaded\",function(){gform.scriptsLoaded=!0}),document.addEventListener(\"gform\/theme\/scripts_loaded\",function(){gform.themeScriptsLoaded=!0}),window.addEventListener(\"DOMContentLoaded\",function(){gform.domLoaded=!0}),gform={domLoaded:!1,scriptsLoaded:!1,themeScriptsLoaded:!1,isFormEditor:()=>\"function\"==typeof InitializeEditor,callIfLoaded:function(o){return!(!gform.domLoaded||!gform.scriptsLoaded||!gform.themeScriptsLoaded&&!gform.isFormEditor()||(gform.isFormEditor()&&console.warn(\"The use of gform.initializeOnLoaded() is deprecated in the form editor context and will be removed in Gravity Forms 3.1.\"),o(),0))},initializeOnLoaded:function(o){gform.callIfLoaded(o)||(document.addEventListener(\"gform_main_scripts_loaded\",()=>{gform.scriptsLoaded=!0,gform.callIfLoaded(o)}),document.addEventListener(\"gform\/theme\/scripts_loaded\",()=>{gform.themeScriptsLoaded=!0,gform.callIfLoaded(o)}),window.addEventListener(\"DOMContentLoaded\",()=>{gform.domLoaded=!0,gform.callIfLoaded(o)}))},hooks:{action:{},filter:{}},addAction:function(o,r,e,t){gform.addHook(\"action\",o,r,e,t)},addFilter:function(o,r,e,t){gform.addHook(\"filter\",o,r,e,t)},doAction:function(o){gform.doHook(\"action\",o,arguments)},applyFilters:function(o){return gform.doHook(\"filter\",o,arguments)},removeAction:function(o,r){gform.removeHook(\"action\",o,r)},removeFilter:function(o,r,e){gform.removeHook(\"filter\",o,r,e)},addHook:function(o,r,e,t,n){null==gform.hooks[o][r]&&(gform.hooks[o][r]=[]);var d=gform.hooks[o][r];null==n&&(n=r+\"_\"+d.length),gform.hooks[o][r].push({tag:n,callable:e,priority:t=null==t?10:t})},doHook:function(r,o,e){var t;if(e=Array.prototype.slice.call(e,1),null!=gform.hooks[r][o]&&((o=gform.hooks[r][o]).sort(function(o,r){return o.priority-r.priority}),o.forEach(function(o){\"function\"!=typeof(t=o.callable)&&(t=window[t]),\"action\"==r?t.apply(null,e):e[0]=t.apply(null,e)})),\"filter\"==r)return e[0]},removeHook:function(o,r,t,n){var e;null!=gform.hooks[o][r]&&(e=(e=gform.hooks[o][r]).filter(function(o,r,e){return!!(null!=n&&n!=o.tag||null!=t&&t!=o.priority)}),gform.hooks[o][r]=e)}});\n<\/script>\n\n                <div class='gf_browser_gecko gform_wrapper gravity-theme gform-theme--no-framework' data-form-theme='gravity-theme' data-form-index='0' id='gform_wrapper_2' >\n                        <div class='gform_heading'>\n                            <p class='gform_description'><\/p>\n\t\t\t\t\t\t\t<p class='gform_required_legend'>\u201d<span class=\"gfield_required gfield_required_asterisk\">*<\/span>\u201d anger obligatoriska f\u00e4lt<\/p>\n                        <\/div><form method='post' enctype='multipart\/form-data'  id='gform_2'  action='\/sv\/wp-json\/wp\/v2\/pages\/4511' data-formid='2' novalidate>\n                        <div class='gform-body gform_body'><div id='gform_fields_2' class='gform_fields top_label form_sublabel_below description_below validation_below'><div id=\"field_2_7\" class=\"gfield gfield--type-honeypot gform_validation_container field_sublabel_below gfield--has-description field_description_below field_validation_below gfield_visibility_visible\"  ><label class='form-label gfield_label gform-field-label' for='input_2_7'>Email<\/label><div class='ginput_container'><input name='input_7' id='input_2_7' type='text' value='' autocomplete='new-password'\/><\/div><div class='small text-muted gfield_description' id='gfield_description_2_7'>Detta f\u00e4lt anv\u00e4nds f\u00f6r validerings\u00e4ndam\u00e5l och ska l\u00e4mnas of\u00f6r\u00e4ndrat.<\/div><\/div><div id=\"field_2_1\" class=\"gfield gfield--type-text gfield--input-type-text gfield_contains_required field_sublabel_below gfield--no-description field_description_below field_validation_below gfield_visibility_visible\"  ><label class='form-label gfield_label gform-field-label' for='input_2_1'>Namn<span class=\"gfield_required\"><span class=\"gfield_required gfield_required_asterisk\">*<\/span><\/span><\/label><div class='ginput_container ginput_container_text'><input name='input_1' id='input_2_1' type='text' value='' class='form-control'     aria-required=\"true\" aria-invalid=\"false\"   \/><\/div><\/div><div id=\"field_2_2\" class=\"gfield gfield--type-text gfield--input-type-text gfield--width-half gfield_contains_required field_sublabel_below gfield--no-description field_description_below field_validation_below gfield_visibility_visible\"  ><label class='form-label gfield_label gform-field-label' for='input_2_2'>Telefonnummer<span class=\"gfield_required\"><span class=\"gfield_required gfield_required_asterisk\">*<\/span><\/span><\/label><div class='ginput_container ginput_container_text'><input name='input_2' id='input_2_2' type='text' value='' class='form-control'     aria-required=\"true\" aria-invalid=\"false\"   \/><\/div><\/div><div id=\"field_2_5\" class=\"gfield gfield--type-email gfield--input-type-email gfield--width-half gfield_contains_required field_sublabel_below gfield--no-description field_description_below field_validation_below gfield_visibility_visible\"  ><label class='form-label gfield_label gform-field-label' for='input_2_5'>E-post<span class=\"gfield_required\"><span class=\"gfield_required gfield_required_asterisk\">*<\/span><\/span><\/label><div class='ginput_container ginput_container_email'>\n                            <input name='input_5' id='input_2_5' autocomplete='email' type='email' value='' class='large'    aria-required=\"true\" aria-invalid=\"false\"  \/>\n                        <\/div><\/div><div id=\"field_2_6\" class=\"gfield gfield--type-select gfield--input-type-select gfield--width-full field_sublabel_below gfield--no-description field_description_below field_validation_below gfield_visibility_visible\"  ><label class='form-label gfield_label gform-field-label' for='input_2_6'>Vad g\u00e4ller \u00e4rendet?<\/label><div class='ginput_container ginput_container_select'><select name='input_6' id='input_2_6' class='form-select'     aria-invalid=\"false\" ><option value='Vattenbrunnar' >Vattenbrunnar<\/option><option value='Bergv\u00e4rmebrunn' >Bergv\u00e4rmebrunn<\/option><option value='P\u00e5lning' >P\u00e5lning<\/option><option value='Annan' >Annan<\/option><\/select><\/div><\/div><div id=\"field_2_4\" class=\"gfield gfield--type-textarea gfield--input-type-textarea field_sublabel_below gfield--no-description field_description_below field_validation_below gfield_visibility_visible\"  ><label class='form-label gfield_label gform-field-label' for='input_2_4'>Meddelande<\/label><div class='ginput_container ginput_container_textarea'><textarea name='input_4' id='input_2_4' class='form-control form-control-lg textarea'      aria-invalid=\"false\"   rows='4' cols='50'><\/textarea><\/div><\/div><\/div><\/div>\n        <div class='gform-footer gform_footer top_label'> <input type='submit' id='gform_submit_button_2' class='gform_button btn btn-primary button' onclick='gform.submission.handleButtonClick(this);' data-submission-type='submit' value='Skicka'  \/> \n            <input type='hidden' class='gform_hidden' name='gform_submission_method' data-js='gform_submission_method_2' value='postback' \/>\n            <input type='hidden' class='gform_hidden' name='gform_theme' data-js='gform_theme_2' id='gform_theme_2' value='gravity-theme' \/>\n            <input type='hidden' class='gform_hidden' name='gform_style_settings' data-js='gform_style_settings_2' id='gform_style_settings_2' value='{&quot;inputPrimaryColor&quot;:&quot;#204ce5&quot;}' \/>\n            <input type='hidden' class='gform_hidden' name='is_submit_2' value='1' \/>\n            <input type='hidden' class='gform_hidden' name='gform_submit' value='2' \/>\n            \n            <input type='hidden' class='gform_hidden' name='gform_currency' data-currency='EUR' value='kWWw4\/yHTNEX\/KfbWx0V6e3VeAkEyBP1fKZghmEeWhkRm7bCC8Jdhfa5RPiewRjrMt+FfHXBuOovjrMXIC+D4zhFVV\/i9YdYN0WyuEL3475FQtI=' \/>\n            <input type='hidden' class='gform_hidden' name='gform_unique_id' value='' \/>\n            <input type='hidden' class='gform_hidden' name='state_2' value='WyJ7XCI2XCI6W1wiZjEzM2EzOGRlNDE5ZDFmZDVlZDdlNGZlODVjZjk1NmJcIixcIjU4OGY3OTJhMmFlOGZlNmEwNTBjM2RjYTMwMTRjZTIyXCIsXCI4ZmY2M2ExYzhiMmMwMGZmMjMxYmQwYjViMTBhODZiMVwiLFwiODA4NGE3NDNhNDI4YzljZDM1YzNhNDJlNGIzMWU3ZjRcIl19IiwiMWJkMDU0ZjUwODM0Mjg5ZjkwMDJmMjE2MjA1ZDgyZjgiXQ==' \/>\n            <input type='hidden' autocomplete='off' class='gform_hidden' name='gform_target_page_number_2' id='gform_target_page_number_2' value='0' \/>\n            <input type='hidden' autocomplete='off' class='gform_hidden' name='gform_source_page_number_2' id='gform_source_page_number_2' value='1' \/>\n            <input type='hidden' name='gform_field_values' value='' \/>\n            \n        <\/div>\n                        <\/form>\n                        <\/div><script>\ngform.initializeOnLoaded( function() {gformInitSpinner( 2, 'data:image\/gif;base64,R0lGODlhAQABAIAAAAAAAP\/\/\/yH5BAEAAAAALAAAAAABAAEAAAIBRAA7', true );jQuery('#gform_ajax_frame_2').on('load',function(){var contents = jQuery(this).contents().find('*').html();var is_postback = contents.indexOf('GF_AJAX_POSTBACK') >= 0;if(!is_postback){return;}var form_content = jQuery(this).contents().find('#gform_wrapper_2');var is_confirmation = jQuery(this).contents().find('#gform_confirmation_wrapper_2').length > 0;var is_redirect = contents.indexOf('gformRedirect(){') >= 0;var is_form = form_content.length > 0 && ! is_redirect && ! is_confirmation;var mt = parseInt(jQuery('html').css('margin-top'), 10) + parseInt(jQuery('body').css('margin-top'), 10) + 100;if(is_form){jQuery('#gform_wrapper_2').html(form_content.html());if(form_content.hasClass('gform_validation_error')){jQuery('#gform_wrapper_2').addClass('gform_validation_error');} else {jQuery('#gform_wrapper_2').removeClass('gform_validation_error');}setTimeout( function() { \/* delay the scroll by 50 milliseconds to fix a bug in chrome *\/  }, 50 );if(window['gformInitDatepicker']) {gformInitDatepicker();}if(window['gformInitPriceFields']) {gformInitPriceFields();}var current_page = jQuery('#gform_source_page_number_2').val();gformInitSpinner( 2, 'data:image\/gif;base64,R0lGODlhAQABAIAAAAAAAP\/\/\/yH5BAEAAAAALAAAAAABAAEAAAIBRAA7', true );jQuery(document).trigger('gform_page_loaded', [2, current_page]);window['gf_submitting_2'] = false;}else if(!is_redirect){var confirmation_content = jQuery(this).contents().find('.GF_AJAX_POSTBACK').html();if(!confirmation_content){confirmation_content = contents;}jQuery('#gform_wrapper_2').replaceWith(confirmation_content);jQuery(document).trigger('gform_confirmation_loaded', [2]);window['gf_submitting_2'] = false;wp.a11y.speak(jQuery('#gform_confirmation_message_2').text());}else{jQuery('#gform_2').append(contents);if(window['gformRedirect']) {gformRedirect();}}jQuery(document).trigger(\"gform_pre_post_render\", [{ formId: \"2\", currentPage: \"current_page\", abort: function() { this.preventDefault(); } }]);        if (event && event.defaultPrevented) {                return;        }        const gformWrapperDiv = document.getElementById( \"gform_wrapper_2\" );        if ( gformWrapperDiv ) {            const visibilitySpan = document.createElement( \"span\" );            visibilitySpan.id = \"gform_visibility_test_2\";            gformWrapperDiv.insertAdjacentElement( \"afterend\", visibilitySpan );        }        const visibilityTestDiv = document.getElementById( \"gform_visibility_test_2\" );        let postRenderFired = false;        function triggerPostRender() {            if ( postRenderFired ) {                return;            }            postRenderFired = true;            gform.core.triggerPostRenderEvents( 2, current_page );            if ( visibilityTestDiv ) {                visibilityTestDiv.parentNode.removeChild( visibilityTestDiv );            }        }        function debounce( func, wait, immediate ) {            var timeout;            return function() {                var context = this, args = arguments;                var later = function() {                    timeout = null;                    if ( !immediate ) func.apply( context, args );                };                var callNow = immediate && !timeout;                clearTimeout( timeout );                timeout = setTimeout( later, wait );                if ( callNow ) func.apply( context, args );            };        }        const debouncedTriggerPostRender = debounce( function() {            triggerPostRender();        }, 200 );        if ( visibilityTestDiv && visibilityTestDiv.offsetParent === null ) {            const observer = new MutationObserver( ( mutations ) => {                mutations.forEach( ( mutation ) => {                    if ( mutation.type === 'attributes' && visibilityTestDiv.offsetParent !== null ) {                        debouncedTriggerPostRender();                        observer.disconnect();                    }                });            });            observer.observe( document.body, {                attributes: true,                childList: false,                subtree: true,                attributeFilter: [ 'style', 'class' ],            });        } else {            triggerPostRender();        }    } );} );\n<\/script>\n<\/div><\/div>\n","protected":false},"excerpt":{"rendered":"<p>Kostnadseffektiva och milj\u00f6v\u00e4nliga l\u00f6sningar P\u00e5 Pohjanmaan Porakaivo \u00e4r vi engagerade i att erbjuda v\u00e5ra kunder helhetsl\u00f6sningar som \u00e4r b\u00e5de kostnadseffektiva och milj\u00f6v\u00e4nliga. Oavsett om det g\u00e4ller ett mindre hush\u00e5ll eller ett st\u00f6rre industriellt projekt kan du lita p\u00e5 att vi hanterar ditt projekt professionellt fr\u00e5n b\u00f6rjan till slut. Vattenbrunnar f\u00f6r alla behov Vi erbjuder vattenbrunnar [&hellip;]<\/p>\n","protected":false},"author":1,"featured_media":0,"parent":0,"menu_order":2,"comment_status":"closed","ping_status":"closed","template":"","meta":{"_acf_changed":false,"footnotes":""},"class_list":["post-4511","page","type-page","status-publish","hentry"],"acf":[],"aioseo_notices":[],"_links":{"self":[{"href":"https:\/\/pohjanmaanporakaivo.fi\/sv\/wp-json\/wp\/v2\/pages\/4511","targetHints":{"allow":["GET"]}}],"collection":[{"href":"https:\/\/pohjanmaanporakaivo.fi\/sv\/wp-json\/wp\/v2\/pages"}],"about":[{"href":"https:\/\/pohjanmaanporakaivo.fi\/sv\/wp-json\/wp\/v2\/types\/page"}],"author":[{"embeddable":true,"href":"https:\/\/pohjanmaanporakaivo.fi\/sv\/wp-json\/wp\/v2\/users\/1"}],"replies":[{"embeddable":true,"href":"https:\/\/pohjanmaanporakaivo.fi\/sv\/wp-json\/wp\/v2\/comments?post=4511"}],"version-history":[{"count":0,"href":"https:\/\/pohjanmaanporakaivo.fi\/sv\/wp-json\/wp\/v2\/pages\/4511\/revisions"}],"wp:attachment":[{"href":"https:\/\/pohjanmaanporakaivo.fi\/sv\/wp-json\/wp\/v2\/media?parent=4511"}],"curies":[{"name":"wp","href":"https:\/\/api.w.org\/{rel}","templated":true}]}}